{"id":1355,"date":"2021-02-02T08:21:22","date_gmt":"2021-02-02T08:21:22","guid":{"rendered":"https:\/\/invitacionesdigitalesenmexico.online\/index.php\/home\/"},"modified":"2026-04-02T18:00:03","modified_gmt":"2026-04-03T00:00:03","slug":"home","status":"publish","type":"page","link":"https:\/\/invitacionesdigitalesenmexico.online\/","title":{"rendered":"Home"},"content":{"rendered":"<ul>\n<li>\n<a href=\"https:\/\/www.facebook.com\/people\/Invitaciones-Digitales-MX\/100084547482063\/\"><br \/>\n<\/a>\n<\/li>\n<li>\n<a href=\"https:\/\/www.instagram.com\/digitalesmx\/\"><br \/>\n<\/a>\n<\/li>\n<li>\n<a href=\"https:\/\/www.tiktok.com\/@digitalesmx\"><br \/>\n<\/a>\n<\/li>\n<li>\n<a href=\"https:\/\/api.whatsapp.com\/send?phone=5219513226241&amp;text=Me%20encanto%20su%20invitaci%C3%B3n%20digital%20%C2%A1Quiero%20una%20para%20mi%20boda!%20%F0%9F%98%8D%F0%9F%98%8A\"><br \/>\n<\/a>\n<\/li>\n<\/ul>\n<h1>Invitaciones Digitales para Bodas y todo tipo de eventos<\/h1>\n<p><img decoding=\"async\" alt=\"Invitaciones digitales para bodas y todo tipo de eventos\u200b\" height=\"925\" loading=\"lazy\" sizes=\"auto, (max-width: 645px) 100vw, 645px\" src=\"https:\/\/invitacionesdigitalesenmexico.online\/wp-content\/uploads\/2023\/01\/HomeInvitacionesDigitales.webp\" srcset=\"https:\/\/invitacionesdigitalesenmexico.online\/wp-content\/uploads\/2023\/01\/HomeInvitacionesDigitales.webp 645w, https:\/\/invitacionesdigitalesenmexico.online\/wp-content\/uploads\/2023\/01\/HomeInvitacionesDigitales-209x300.webp 209w\" width=\"645\"\/><\/p>\n<p>Nuestras invitaciones digitales son la opci\u00f3n perfecta para tu evento y ahorra tiempo enviando tus invitaciones con solo unos clics.<\/p>\n<p><a href=\"https:\/\/api.whatsapp.com\/send?phone=5219513226241&amp;text=Vengo%20de%20su%20sitio%20web%20y%20me%20encantaron%20sus%20invitaciones%20digitales.%C2%A1Quiero%20un%20paquete%20para%20mi%20evento!%20%F0%9F%A4%A9\"><br \/>\n\t\t\t\t\t\t\u00a1Quiero mi invitaci\u00f3n digital!<br \/>\n\t\t\t\t\t<\/a><br \/>\n<img decoding=\"async\" alt=\"Invitaciones digitales para bodas y todo tipo de eventos\u200b\" height=\"925\" loading=\"lazy\" sizes=\"auto, (max-width: 645px) 100vw, 645px\" src=\"https:\/\/invitacionesdigitalesenmexico.online\/wp-content\/uploads\/2023\/01\/HomeInvitacionesDigitales.webp\" srcset=\"https:\/\/invitacionesdigitalesenmexico.online\/wp-content\/uploads\/2023\/01\/HomeInvitacionesDigitales.webp 645w, https:\/\/invitacionesdigitalesenmexico.online\/wp-content\/uploads\/2023\/01\/HomeInvitacionesDigitales-209x300.webp 209w\" width=\"645\"\/><\/p>\n<h2>Tu invitaci\u00f3n incluye lo siguiente<\/h2>\n<p><img decoding=\"async\" alt=\"\" height=\"512\" loading=\"lazy\" sizes=\"auto, (max-width: 512px) 100vw, 512px\" src=\"https:\/\/invitacionesdigitalesenmexico.online\/wp-content\/uploads\/2024\/01\/cuenta-regresiva.png\" srcset=\"https:\/\/invitacionesdigitalesenmexico.online\/wp-content\/uploads\/2024\/01\/cuenta-regresiva.png 512w, https:\/\/invitacionesdigitalesenmexico.online\/wp-content\/uploads\/2024\/01\/cuenta-regresiva-300x300.png 300w, https:\/\/invitacionesdigitalesenmexico.online\/wp-content\/uploads\/2024\/01\/cuenta-regresiva-150x150.png 150w\" width=\"512\"\/><\/p>\n<h3>Cuenta regresiva<\/h3>\n<p><img decoding=\"async\" alt=\"\" height=\"512\" loading=\"lazy\" sizes=\"auto, (max-width: 512px) 100vw, 512px\" src=\"https:\/\/invitacionesdigitalesenmexico.online\/wp-content\/uploads\/2024\/01\/galeria-de-imagenes.png\" srcset=\"https:\/\/invitacionesdigitalesenmexico.online\/wp-content\/uploads\/2024\/01\/galeria-de-imagenes.png 512w, https:\/\/invitacionesdigitalesenmexico.online\/wp-content\/uploads\/2024\/01\/galeria-de-imagenes-300x300.png 300w, https:\/\/invitacionesdigitalesenmexico.online\/wp-content\/uploads\/2024\/01\/galeria-de-imagenes-150x150.png 150w\" width=\"512\"\/><\/p>\n<h3>Galer\u00eda de fotos<\/h3>\n<p><img decoding=\"async\" alt=\"\" height=\"512\" loading=\"lazy\" sizes=\"auto, (max-width: 512px) 100vw, 512px\" src=\"https:\/\/invitacionesdigitalesenmexico.online\/wp-content\/uploads\/2024\/01\/pin-mapa.png\" srcset=\"https:\/\/invitacionesdigitalesenmexico.online\/wp-content\/uploads\/2024\/01\/pin-mapa.png 512w, https:\/\/invitacionesdigitalesenmexico.online\/wp-content\/uploads\/2024\/01\/pin-mapa-300x300.png 300w, https:\/\/invitacionesdigitalesenmexico.online\/wp-content\/uploads\/2024\/01\/pin-mapa-150x150.png 150w\" width=\"512\"\/><\/p>\n<h3>Ubicaci\u00f3n del lugar<\/h3>\n<p><img decoding=\"async\" alt=\"\" height=\"512\" loading=\"lazy\" sizes=\"auto, (max-width: 512px) 100vw, 512px\" src=\"https:\/\/invitacionesdigitalesenmexico.online\/wp-content\/uploads\/2024\/01\/enviar.png\" srcset=\"https:\/\/invitacionesdigitalesenmexico.online\/wp-content\/uploads\/2024\/01\/enviar.png 512w, https:\/\/invitacionesdigitalesenmexico.online\/wp-content\/uploads\/2024\/01\/enviar-300x300.png 300w, https:\/\/invitacionesdigitalesenmexico.online\/wp-content\/uploads\/2024\/01\/enviar-150x150.png 150w\" width=\"512\"\/><\/p>\n<h3>Env\u00edos ilimitados<\/h3>\n<p><img decoding=\"async\" alt=\"\" height=\"512\" loading=\"lazy\" sizes=\"auto, (max-width: 512px) 100vw, 512px\" src=\"https:\/\/invitacionesdigitalesenmexico.online\/wp-content\/uploads\/2024\/01\/regalo.png\" srcset=\"https:\/\/invitacionesdigitalesenmexico.online\/wp-content\/uploads\/2024\/01\/regalo.png 512w, https:\/\/invitacionesdigitalesenmexico.online\/wp-content\/uploads\/2024\/01\/regalo-300x300.png 300w, https:\/\/invitacionesdigitalesenmexico.online\/wp-content\/uploads\/2024\/01\/regalo-150x150.png 150w\" width=\"512\"\/><\/p>\n<h3>Mesa de regalos<\/h3>\n<p><img decoding=\"async\" alt=\"\" height=\"512\" loading=\"lazy\" sizes=\"auto, (max-width: 512px) 100vw, 512px\" src=\"https:\/\/invitacionesdigitalesenmexico.online\/wp-content\/uploads\/2024\/01\/confirmar-asistencia.png\" srcset=\"https:\/\/invitacionesdigitalesenmexico.online\/wp-content\/uploads\/2024\/01\/confirmar-asistencia.png 512w, https:\/\/invitacionesdigitalesenmexico.online\/wp-content\/uploads\/2024\/01\/confirmar-asistencia-300x300.png 300w, https:\/\/invitacionesdigitalesenmexico.online\/wp-content\/uploads\/2024\/01\/confirmar-asistencia-150x150.png 150w\" width=\"512\"\/><\/p>\n<h3>Confirmaci\u00f3n de asistencia<\/h3>\n<p><img decoding=\"async\" alt=\"\" height=\"512\" loading=\"lazy\" sizes=\"auto, (max-width: 512px) 100vw, 512px\" src=\"https:\/\/invitacionesdigitalesenmexico.online\/wp-content\/uploads\/2024\/01\/musica-romantica.png\" srcset=\"https:\/\/invitacionesdigitalesenmexico.online\/wp-content\/uploads\/2024\/01\/musica-romantica.png 512w, https:\/\/invitacionesdigitalesenmexico.online\/wp-content\/uploads\/2024\/01\/musica-romantica-300x300.png 300w, https:\/\/invitacionesdigitalesenmexico.online\/wp-content\/uploads\/2024\/01\/musica-romantica-150x150.png 150w\" width=\"512\"\/><\/p>\n<h3>M\u00fasica<\/h3>\n<p><img decoding=\"async\" alt=\"\" height=\"512\" loading=\"lazy\" sizes=\"auto, (max-width: 512px) 100vw, 512px\" src=\"https:\/\/invitacionesdigitalesenmexico.online\/wp-content\/uploads\/2024\/01\/amar.png\" srcset=\"https:\/\/invitacionesdigitalesenmexico.online\/wp-content\/uploads\/2024\/01\/amar.png 512w, https:\/\/invitacionesdigitalesenmexico.online\/wp-content\/uploads\/2024\/01\/amar-300x300.png 300w, https:\/\/invitacionesdigitalesenmexico.online\/wp-content\/uploads\/2024\/01\/amar-150x150.png 150w\" width=\"512\"\/><\/p>\n<h3>Itinerario<\/h3>\n<p><img decoding=\"async\" alt=\"\" height=\"512\" loading=\"lazy\" sizes=\"auto, (max-width: 512px) 100vw, 512px\" src=\"https:\/\/invitacionesdigitalesenmexico.online\/wp-content\/uploads\/2024\/01\/itinerario-1.png\" srcset=\"https:\/\/invitacionesdigitalesenmexico.online\/wp-content\/uploads\/2024\/01\/itinerario-1.png 512w, https:\/\/invitacionesdigitalesenmexico.online\/wp-content\/uploads\/2024\/01\/itinerario-1-300x300.png 300w, https:\/\/invitacionesdigitalesenmexico.online\/wp-content\/uploads\/2024\/01\/itinerario-1-150x150.png 150w\" width=\"512\"\/><\/p>\n<h3>N\u00b0 de pases<\/h3>\n<h2>Elige el paquete que mejor <br \/>se adapte a tus necesidades<\/h2>\n<p>Elige desde invitaciones b\u00e1sicas hasta paquetes completos con servicios adicionales.<\/p>\n<h2>Invitaci\u00f3n para Boda Paquete Oro<\/h2>\n<h4>$2,600.00<\/h4>\n<p>Incluye todo lo necesario para impresionar a tus invitados y hacer de tu boda un evento inolvidable.<\/p>\n<p>\u00a1Haz tu boda \u00fanica con nuestro paquete oro de invitaciones!<\/p>\n<p><a href=\"https:\/\/invitacionesdigitalesenmexico.online\/index.php\/invitacion-boda-paquete-oro\/\"><br \/>\n\t\t\t\t\t\tVer paquete <br \/>Oro<br \/>\n\t\t\t\t\t<\/a><\/p>\n<h3>Invitaci\u00f3n para Boda Paquete Plata<\/h3>\n<h4>$1,800.00<\/h4>\n<p>Nuestro paquete plata de invitaciones de boda es la opci\u00f3n ideal para aquellos que buscan un equilibrio entre calidad y precio.<\/p>\n<p>\u00a1Haz tu boda inolvidable con nuestro paquete plata de invitaciones!<\/p>\n<p><a href=\"https:\/\/invitacionesdigitalesenmexico.online\/index.php\/invitacion-boda-paquete-plata\/\"><br \/>\n\t\t\t\t\t\tVer paquete <br \/>Plata<br \/>\n\t\t\t\t\t<\/a><\/p>\n<h6>Invitaci\u00f3n para Boda Paquete Bronce<\/h6>\n<h4>$1,100.00<\/h4>\n<p>Es la opci\u00f3n econ\u00f3mica perfecta para aquellos que buscan una invitaci\u00f3n de calidad a un precio asequible.<\/p>\n<p>\u00a1Haz tu boda inolvidable con nuestro paquete bronce de invitaciones!<\/p>\n<p><a href=\"https:\/\/invitacionesdigitalesenmexico.online\/index.php\/invitacion-boda-paquete-bronce\/\"><br \/>\n\t\t\t\t\t\tVer paquete <br \/>Bronce<br \/>\n\t\t\t\t\t<\/a><\/p>\n<h2>Obt\u00e9n tu invitaci\u00f3n digital en solo unos pasos\u200b<\/h2>\n<h3>1. Elige un paquete<\/h3>\n<p>Selecciona un de los paquetes que tenemos pre-dise\u00f1ados o solicita un dise\u00f1o personalizado.<\/p>\n<p><a href=\"http:\/\/seminararbeitghostwriter.com\/\">seminararbeit kosten<\/a><\/p>\n<h3>2. Realiza el pago<\/h3>\n<p>Realiza el pago correspondiente de acuerdo al paquete seleccionado.<\/p>\n<h3>3. Personaliza la invitaci\u00f3n<\/h3>\n<p>Env\u00edanos la informaci\u00f3n de tu evento, como la fecha, hora, lugar, fotograf\u00edas, etc.<\/p>\n<h3>4. Revisa y aprueba<\/h3>\n<p>Revisa tu invitaci\u00f3n para asegurarte de que todo est\u00e9 correcto y aprueba el dise\u00f1o.<\/p>\n<h3>\n5. Comparte tus invitaciones<\/h3>\n<p>\u00a1Listo! Solo queda compartir con tus invitados tu invitaci\u00f3n para tu evento.<\/p>\n<h2>\u00a1Haz que tu pr\u00f3ximo evento sea memorable <br \/> con nuestras invitaciones digitales!&#8221;<\/h2>\n<p>Que sea un evento de principio a fin que todos puedan recordar.<\/p>\n<h2>Est\u00e1s a un clic de poder tener una invitaci\u00f3n digital<\/h2>\n<p>\u00bfTienes m\u00e1s preguntas o dudas sobre nuestro servicio de invitaciones digitales? Env\u00edanos un mensaje a trav\u00e9s de nuestro chat en vivo.<\/p>\n<p><a href=\"https:\/\/api.whatsapp.com\/send?phone=5219513226241&amp;text=Vengo%20de%20su%20sitio%20web%20y%20me%20encantaron%20sus%20invitaciones%20digitales.%C2%A1Quiero%20un%20paquete%20para%20mi%20evento!%20%F0%9F%A4%A9\"><br \/>\n\t\t\t\t\t\tCont\u00e1ctanos<br \/>\n\t\t\t\t\t<\/a><br \/>\n<img decoding=\"async\" alt=\"\" height=\"814\" loading=\"lazy\" sizes=\"auto, (max-width: 640px) 100vw, 640px\" src=\"https:\/\/invitacionesdigitalesenmexico.online\/wp-content\/uploads\/2023\/01\/Home02InvitacionesDigitales.webp\" srcset=\"https:\/\/invitacionesdigitalesenmexico.online\/wp-content\/uploads\/2023\/01\/Home02InvitacionesDigitales.webp 640w, https:\/\/invitacionesdigitalesenmexico.online\/wp-content\/uploads\/2023\/01\/Home02InvitacionesDigitales-236x300.webp 236w\" width=\"640\"\/><\/p>\n<h2>\u00danete a nuestra comunidad y recibe consejos y trucos para planificar tu evento<\/h2>\n<form data-form_id=\"2\" data-form_instance=\"ff_form_instance_2_3\" id=\"fluentform_2\" method=\"POST\">\n<fieldset style=\"border: none!important;margin: 0!important;padding: 0!important;background-color: transparent!important;box-shadow: none!important;outline: none!important; min-inline-size: 100%;\">\n<legend style=\"display: block; margin: 0!important;padding: 0!important;height: 0!important;text-indent: -999999px;width: 0!important;overflow:hidden;\">Subscription Form<\/legend>\n<p><input name=\"__fluent_form_embded_post_id\" type=\"hidden\" value=\"1355\"\/><input id=\"_fluentform_2_fluentformnonce\" name=\"_fluentform_2_fluentformnonce\" type=\"hidden\" value=\"53d411ab01\"\/><input name=\"_wp_http_referer\" type=\"hidden\" value=\"\/wp-admin\/admin-ajax.php\"\/><input aria-invalid=\"false\" aria-required=\"true\" data-name=\"email\" id=\"ff_2_3_email\" name=\"email\" placeholder=\"Ingresa tu correo electr\u00f3nico\" type=\"email\"\/><button data-name=\"custom_submit_button-2_1\" name=\"custom_submit_button-2_1\" type=\"submit\">Suscribirse<\/button><\/p>\n<style>form.fluent_form_2 .wpf_has_custom_css.ff-btn-submit { background-color:#409EFF;border-color:#409EFF;color:#ffffff;min-width:100%; }form.fluent_form_2 .wpf_has_custom_css.ff-btn-submit:hover { background-color:#ffffff;border-color:#409EFF;color:#409EFF;min-width:100%; } <\/style>\n<\/fieldset>\n<\/form>\n","protected":false},"excerpt":{"rendered":"<p>Invitaciones Digitales para Bodas y todo tipo de eventos Nuestras invitaciones digitales son la opci\u00f3n perfecta para tu evento y ahorra tiempo enviando tus invitaciones con solo unos clics. \u00a1Quiero mi invitaci\u00f3n digital! Tu invitaci\u00f3n incluye lo siguiente Cuenta regresiva Galer\u00eda de fotos Ubicaci\u00f3n del lugar Env\u00edos ilimitados Mesa de regalos Confirmaci\u00f3n de asistencia M\u00fasica [&hellip;]<\/p>\n","protected":false},"author":1,"featured_media":0,"parent":0,"menu_order":0,"comment_status":"closed","ping_status":"closed","template":"elementor_header_footer","meta":{"site-sidebar-layout":"no-sidebar","site-content-layout":"page-builder","ast-site-content-layout":"","site-content-style":"default","site-sidebar-style":"default","ast-global-header-display":"","ast-banner-title-visibility":"","ast-main-header-display":"","ast-hfb-above-header-display":"","ast-hfb-below-header-display":"","ast-hfb-mobile-header-display":"","site-post-title":"disabled","ast-breadcrumbs-content":"disabled","ast-featured-img":"disabled","footer-sml-layout":"","theme-transparent-header-meta":"enabled","adv-header-id-meta":"","stick-header-meta":"","header-above-stick-meta":"","header-main-stick-meta":"","header-below-stick-meta":"","astra-migrate-meta-layouts":"default","ast-page-background-enabled":"default","ast-page-background-meta":{"desktop":{"background-color":"","background-image":"","background-repeat":"repeat","background-position":"center center","background-size":"auto","background-attachment":"scroll","background-type":"","background-media":"","overlay-type":"","overlay-color":"","overlay-opacity":"","overlay-gradient":""},"tablet":{"background-color":"","background-image":"","background-repeat":"repeat","background-position":"center center","background-size":"auto","background-attachment":"scroll","background-type":"","background-media":"","overlay-type":"","overlay-color":"","overlay-opacity":"","overlay-gradient":""},"mobile":{"background-color":"","background-image":"","background-repeat":"repeat","background-position":"center center","background-size":"auto","background-attachment":"scroll","background-type":"","background-media":"","overlay-type":"","overlay-color":"","overlay-opacity":"","overlay-gradient":""}},"ast-content-background-meta":{"desktop":{"background-color":"var(--ast-global-color-5)","background-image":"","background-repeat":"repeat","background-position":"center center","background-size":"auto","background-attachment":"scroll","background-type":"","background-media":"","overlay-type":"","overlay-color":"","overlay-opacity":"","overlay-gradient":""},"tablet":{"background-color":"var(--ast-global-color-5)","background-image":"","background-repeat":"repeat","background-position":"center center","background-size":"auto","background-attachment":"scroll","background-type":"","background-media":"","overlay-type":"","overlay-color":"","overlay-opacity":"","overlay-gradient":""},"mobile":{"background-color":"var(--ast-global-color-5)","background-image":"","background-repeat":"repeat","background-position":"center center","background-size":"auto","background-attachment":"scroll","background-type":"","background-media":"","overlay-type":"","overlay-color":"","overlay-opacity":"","overlay-gradient":""}},"footnotes":""},"class_list":["post-1355","page","type-page","status-publish","hentry"],"_links":{"self":[{"href":"https:\/\/invitacionesdigitalesenmexico.online\/index.php\/wp-json\/wp\/v2\/pages\/1355","targetHints":{"allow":["GET"]}}],"collection":[{"href":"https:\/\/invitacionesdigitalesenmexico.online\/index.php\/wp-json\/wp\/v2\/pages"}],"about":[{"href":"https:\/\/invitacionesdigitalesenmexico.online\/index.php\/wp-json\/wp\/v2\/types\/page"}],"author":[{"embeddable":true,"href":"https:\/\/invitacionesdigitalesenmexico.online\/index.php\/wp-json\/wp\/v2\/users\/1"}],"replies":[{"embeddable":true,"href":"https:\/\/invitacionesdigitalesenmexico.online\/index.php\/wp-json\/wp\/v2\/comments?post=1355"}],"version-history":[{"count":270,"href":"https:\/\/invitacionesdigitalesenmexico.online\/index.php\/wp-json\/wp\/v2\/pages\/1355\/revisions"}],"predecessor-version":[{"id":5412,"href":"https:\/\/invitacionesdigitalesenmexico.online\/index.php\/wp-json\/wp\/v2\/pages\/1355\/revisions\/5412"}],"wp:attachment":[{"href":"https:\/\/invitacionesdigitalesenmexico.online\/index.php\/wp-json\/wp\/v2\/media?parent=1355"}],"curies":[{"name":"wp","href":"https:\/\/api.w.org\/{rel}","templated":true}]}}